{"id":262,"date":"2024-01-24T07:43:20","date_gmt":"2024-01-24T07:43:20","guid":{"rendered":"http:\/\/manualproduccions.com\/contacte\/"},"modified":"2025-06-06T06:54:28","modified_gmt":"2025-06-06T06:54:28","slug":"contacte","status":"publish","type":"page","link":"https:\/\/manualproduccions.com\/ca\/contacte\/","title":{"rendered":"Contacte"},"content":{"rendered":"<section class=\"l-section wpb_row us_custom_315b8835 height_large full_height valign_center color_primary\"><div class=\"l-section-h i-cf\"><div class=\"g-cols vc_row via_flex valign_top type_default stacking_default\"><div class=\"vc_col-sm-9 wpb_column vc_column_container\"><div class=\"vc_column-inner\"><div class=\"wpb_wrapper\"><h1 class=\"w-text us_custom_503a7f89\"><span class=\"w-text-h\"><span class=\"w-text-value\">Contacte<\/span><\/span><\/h1><div class=\"w-separator size_small\"><\/div><div class=\"w-text us_custom_92d74612\"><span class=\"w-text-h\"><span class=\"w-text-value\">Vols contactar? Completa el formulari i envia&#039;ns-ho. Et respondrem com m\u00e9s aviat millor.<\/span><\/span><\/div><div class=\"w-separator size_large\"><\/div><div class=\"g-cols wpb_row via_flex valign_top type_default stacking_default\"><div class=\"vc_col-sm-10 wpb_column vc_column_container\"><div class=\"vc_column-inner\"><div class=\"wpb_wrapper\"><form class=\"w-form  us-field-style_1 layout_ver for_cform us_form_1\" autocomplete=\"off\" action=\"https:\/\/manualproduccions.com\/ca\/wp-json\/wp\/v2\/pages\/262\" method=\"post\" style=\"--fields-gap:1.2rem\"><div class=\"w-form-h\"><div class=\"w-form-row for_text required\">\r\n\t\t<div class=\"w-form-row-field\">\r\n\t\t\t\t\t\t<input aria-label=\"Nom i cognoms\" type=\"text\" name=\"us_form_1_text_1\" value placeholder=\"Nom i cognoms *\" data-required=\"true\" aria-required=\"true\"\/>\r\n\t\t\t<\/div>\r\n\t\t<div class=\"w-form-row-state\">Fill out this field<\/div>\r\n<\/div>\r\n<div class=\"w-form-row for_text required cols_2\">\r\n\t\t<div class=\"w-form-row-field\">\r\n\t\t\t\t\t\t<input aria-label=\"Tel\u00e8fon\" inputmode=\"tel\" type=\"text\" name=\"us_form_1_text_2\" value placeholder=\"Tel\u00e8fon *\" data-required=\"true\" aria-required=\"true\"\/>\r\n\t\t\t<\/div>\r\n\t\t<div class=\"w-form-row-state\">Fill out this field<\/div>\r\n<\/div>\r\n<div class=\"w-form-row for_email required cols_2\">\r\n\t\t<div class=\"w-form-row-field\">\r\n\t\t\t\t\t\t<input aria-label=\"E-mail\" type=\"email\" name=\"us_form_1_email_1\" value placeholder=\"E-mail *\" data-required=\"true\" aria-required=\"true\"\/>\r\n\t\t\t<\/div>\r\n\t\t<div class=\"w-form-row-state\">Introdu\u00efu una adre\u00e7a electr\u00f2nica v\u00e0lida.<\/div>\r\n<\/div>\r\n<div class=\"w-form-row for_textarea\">\r\n\t\t<div class=\"w-form-row-field\">\r\n\t\t\t\t\t\t<textarea aria-label=\"Consulta\" name=\"us_form_1_textarea_1\" placeholder=\"Consulta\"><\/textarea>\r\n\t\t\t<\/div>\r\n\t\t<div class=\"w-form-row-state\">Fill out this field<\/div>\r\n<\/div>\r\n<div class=\"w-form-row for_agreement required\">\r\n\t\t<div class=\"w-form-row-field\">\r\n\t\t\t\t<label>\r\n\t\t\t<input type=\"checkbox\" value=\"1\" data-required=\"true\" aria-required=\"true\" name=\"us_form_1_agreement_1\"\/>\r\n\t\t\t<span>He llegit i accepto l'Av\u00eds Legal i la Pol\u00edtica de Privacitat.<\/span>\r\n\t\t<\/label>\r\n\t\t\t<\/div>\r\n\t\t<div class=\"w-form-row-state\">You need to agree with the terms to proceed<\/div>\r\n<\/div>\r\n<input type=\"hidden\" name=\"action\" value=\"us_ajax_cform\" \/>\r\n<input type=\"hidden\" name=\"post_id\" value=\"0\" \/>\r\n<input type=\"hidden\" name=\"form_index\" value=\"1\" \/>\r\n<div class=\"w-form-row for_submit align_justify\">\r\n\t<button class=\"w-btn  us-btn-style_1\" aria-label=\"Envia\" type=\"submit\">\r\n\t\t<span class=\"g-preloader type_1\"><\/span>\r\n\t\t\t\t<span class=\"w-btn-label\">Envia<\/span>\r\n\t\t\t<\/button>\r\n\t<\/div>\r\n<\/div><div class=\"w-form-message\"><\/div><div class=\"w-form-json hidden\" onclick='return {&quot;ajaxurl&quot;:&quot;https:\\\/\\\/manualproduccions.com\\\/wp-admin\\\/admin-ajax.php&quot;,&quot;messages&quot;:{&quot;err_empty&quot;:&quot;Fill out this field&quot;,&quot;err_size&quot;:&quot;File size cannot exceed %s MB&quot;,&quot;err_extension&quot;:&quot;%s file type is not allowed&quot;,&quot;err_recaptcha_keys&quot;:&quot;reCAPTCHA keys are incorrect&quot;}}'><\/div><\/form><\/div><\/div><\/div><div class=\"vc_col-sm-2 wpb_column vc_column_container\"><div class=\"vc_column-inner\"><div class=\"wpb_wrapper\"><\/div><\/div><\/div><\/div><\/div><\/div><\/div><div class=\"vc_col-sm-3 wpb_column vc_column_container\"><div class=\"vc_column-inner\"><div class=\"wpb_wrapper\"><\/div><\/div><\/div><\/div><\/div><\/section>\n","protected":false},"excerpt":{"rendered":"ContacteVols contactar? Completa el formulari i envia&#039;ns-ho. Et respondrem com m\u00e9s aviat millor. Fill out this field Fill out this field Introdu\u00efu una adre\u00e7a electr\u00f2nica v\u00e0lida. Fill out this field He llegit i accepto l'Av\u00eds Legal i la Pol\u00edtica de Privacitat. You need to agree with the terms to proceed Envia","protected":false},"author":2,"featured_media":0,"parent":0,"menu_order":6,"comment_status":"closed","ping_status":"closed","template":"","meta":{"footnotes":""},"class_list":["post-262","page","type-page","status-publish","hentry"],"yoast_head":"<!-- This site is optimized with the Yoast SEO plugin v27.4 - https:\/\/yoast.com\/product\/yoast-seo-wordpress\/ -->\n<title>Contacte ~ Manual Produccions<\/title>\n<meta name=\"robots\" content=\"index, follow, max-snippet:-1, max-image-preview:large, max-video-preview:-1\" \/>\n<link rel=\"canonical\" href=\"https:\/\/manualproduccions.com\/ca\/contacte\/\" \/>\n<meta property=\"og:locale\" content=\"ca_ES\" \/>\n<meta property=\"og:type\" content=\"article\" \/>\n<meta property=\"og:title\" content=\"Contacte ~ Manual Produccions\" \/>\n<meta property=\"og:url\" content=\"https:\/\/manualproduccions.com\/ca\/contacte\/\" \/>\n<meta property=\"og:site_name\" content=\"Manual Produccions\" \/>\n<meta property=\"article:publisher\" content=\"https:\/\/www.facebook.com\/ManualProduccions\/\" \/>\n<meta property=\"article:modified_time\" content=\"2025-06-06T06:54:28+00:00\" \/>\n<meta name=\"twitter:card\" content=\"summary_large_image\" \/>\n<meta name=\"twitter:site\" content=\"@Manual_sccl\" \/>\n<meta name=\"twitter:label1\" content=\"Temps estimat de lectura\" \/>\n\t<meta name=\"twitter:data1\" content=\"3 minuts\" \/>\n<script type=\"application\/ld+json\" class=\"yoast-schema-graph\">{\"@context\":\"https:\\\/\\\/schema.org\",\"@graph\":[{\"@type\":\"WebPage\",\"@id\":\"https:\\\/\\\/manualproduccions.com\\\/ca\\\/contacte\\\/\",\"url\":\"https:\\\/\\\/manualproduccions.com\\\/ca\\\/contacte\\\/\",\"name\":\"Contacte ~ Manual Produccions\",\"isPartOf\":{\"@id\":\"https:\\\/\\\/manualproduccions.com\\\/ca\\\/#website\"},\"datePublished\":\"2024-01-24T07:43:20+00:00\",\"dateModified\":\"2025-06-06T06:54:28+00:00\",\"breadcrumb\":{\"@id\":\"https:\\\/\\\/manualproduccions.com\\\/ca\\\/contacte\\\/#breadcrumb\"},\"inLanguage\":\"ca\",\"potentialAction\":[{\"@type\":\"ReadAction\",\"target\":[\"https:\\\/\\\/manualproduccions.com\\\/ca\\\/contacte\\\/\"]}]},{\"@type\":\"BreadcrumbList\",\"@id\":\"https:\\\/\\\/manualproduccions.com\\\/ca\\\/contacte\\\/#breadcrumb\",\"itemListElement\":[{\"@type\":\"ListItem\",\"position\":1,\"name\":\"Portada\",\"item\":\"https:\\\/\\\/manualproduccions.com\\\/ca\\\/\"},{\"@type\":\"ListItem\",\"position\":2,\"name\":\"Contacte\"}]},{\"@type\":\"WebSite\",\"@id\":\"https:\\\/\\\/manualproduccions.com\\\/ca\\\/#website\",\"url\":\"https:\\\/\\\/manualproduccions.com\\\/ca\\\/\",\"name\":\"Manual Produccions\",\"description\":\"Producciones Audiovisuales en Barcelona\",\"publisher\":{\"@id\":\"https:\\\/\\\/manualproduccions.com\\\/ca\\\/#organization\"},\"alternateName\":\"Manual SCCL\",\"potentialAction\":[{\"@type\":\"SearchAction\",\"target\":{\"@type\":\"EntryPoint\",\"urlTemplate\":\"https:\\\/\\\/manualproduccions.com\\\/ca\\\/?s={search_term_string}\"},\"query-input\":{\"@type\":\"PropertyValueSpecification\",\"valueRequired\":true,\"valueName\":\"search_term_string\"}}],\"inLanguage\":\"ca\"},{\"@type\":\"Organization\",\"@id\":\"https:\\\/\\\/manualproduccions.com\\\/ca\\\/#organization\",\"name\":\"Manual Produccions\",\"url\":\"https:\\\/\\\/manualproduccions.com\\\/ca\\\/\",\"logo\":{\"@type\":\"ImageObject\",\"inLanguage\":\"ca\",\"@id\":\"https:\\\/\\\/manualproduccions.com\\\/ca\\\/#\\\/schema\\\/logo\\\/image\\\/\",\"url\":\"http:\\\/\\\/manualproduccions.com\\\/wp-content\\\/uploads\\\/2024\\\/04\\\/favicon-manual.png\",\"contentUrl\":\"http:\\\/\\\/manualproduccions.com\\\/wp-content\\\/uploads\\\/2024\\\/04\\\/favicon-manual.png\",\"width\":512,\"height\":512,\"caption\":\"Manual Produccions\"},\"image\":{\"@id\":\"https:\\\/\\\/manualproduccions.com\\\/ca\\\/#\\\/schema\\\/logo\\\/image\\\/\"},\"sameAs\":[\"https:\\\/\\\/www.facebook.com\\\/ManualProduccions\\\/\",\"https:\\\/\\\/x.com\\\/Manual_sccl\",\"https:\\\/\\\/vimeo.com\\\/manualproduccions\"]}]}<\/script>\n<!-- \/ Yoast SEO plugin. -->","yoast_head_json":{"title":"Contacte ~ Manual Produccions","robots":{"index":"index","follow":"follow","max-snippet":"max-snippet:-1","max-image-preview":"max-image-preview:large","max-video-preview":"max-video-preview:-1"},"canonical":"https:\/\/manualproduccions.com\/ca\/contacte\/","og_locale":"ca_ES","og_type":"article","og_title":"Contacte ~ Manual Produccions","og_url":"https:\/\/manualproduccions.com\/ca\/contacte\/","og_site_name":"Manual Produccions","article_publisher":"https:\/\/www.facebook.com\/ManualProduccions\/","article_modified_time":"2025-06-06T06:54:28+00:00","twitter_card":"summary_large_image","twitter_site":"@Manual_sccl","twitter_misc":{"Temps estimat de lectura":"3 minuts"},"schema":{"@context":"https:\/\/schema.org","@graph":[{"@type":"WebPage","@id":"https:\/\/manualproduccions.com\/ca\/contacte\/","url":"https:\/\/manualproduccions.com\/ca\/contacte\/","name":"Contacte ~ Manual Produccions","isPartOf":{"@id":"https:\/\/manualproduccions.com\/ca\/#website"},"datePublished":"2024-01-24T07:43:20+00:00","dateModified":"2025-06-06T06:54:28+00:00","breadcrumb":{"@id":"https:\/\/manualproduccions.com\/ca\/contacte\/#breadcrumb"},"inLanguage":"ca","potentialAction":[{"@type":"ReadAction","target":["https:\/\/manualproduccions.com\/ca\/contacte\/"]}]},{"@type":"BreadcrumbList","@id":"https:\/\/manualproduccions.com\/ca\/contacte\/#breadcrumb","itemListElement":[{"@type":"ListItem","position":1,"name":"Portada","item":"https:\/\/manualproduccions.com\/ca\/"},{"@type":"ListItem","position":2,"name":"Contacte"}]},{"@type":"WebSite","@id":"https:\/\/manualproduccions.com\/ca\/#website","url":"https:\/\/manualproduccions.com\/ca\/","name":"Manual Produccions","description":"Producciones Audiovisuales en Barcelona","publisher":{"@id":"https:\/\/manualproduccions.com\/ca\/#organization"},"alternateName":"Manual SCCL","potentialAction":[{"@type":"SearchAction","target":{"@type":"EntryPoint","urlTemplate":"https:\/\/manualproduccions.com\/ca\/?s={search_term_string}"},"query-input":{"@type":"PropertyValueSpecification","valueRequired":true,"valueName":"search_term_string"}}],"inLanguage":"ca"},{"@type":"Organization","@id":"https:\/\/manualproduccions.com\/ca\/#organization","name":"Manual Produccions","url":"https:\/\/manualproduccions.com\/ca\/","logo":{"@type":"ImageObject","inLanguage":"ca","@id":"https:\/\/manualproduccions.com\/ca\/#\/schema\/logo\/image\/","url":"http:\/\/manualproduccions.com\/wp-content\/uploads\/2024\/04\/favicon-manual.png","contentUrl":"http:\/\/manualproduccions.com\/wp-content\/uploads\/2024\/04\/favicon-manual.png","width":512,"height":512,"caption":"Manual Produccions"},"image":{"@id":"https:\/\/manualproduccions.com\/ca\/#\/schema\/logo\/image\/"},"sameAs":["https:\/\/www.facebook.com\/ManualProduccions\/","https:\/\/x.com\/Manual_sccl","https:\/\/vimeo.com\/manualproduccions"]}]}},"_links":{"self":[{"href":"https:\/\/manualproduccions.com\/ca\/wp-json\/wp\/v2\/pages\/262","targetHints":{"allow":["GET"]}}],"collection":[{"href":"https:\/\/manualproduccions.com\/ca\/wp-json\/wp\/v2\/pages"}],"about":[{"href":"https:\/\/manualproduccions.com\/ca\/wp-json\/wp\/v2\/types\/page"}],"author":[{"embeddable":true,"href":"https:\/\/manualproduccions.com\/ca\/wp-json\/wp\/v2\/users\/2"}],"replies":[{"embeddable":true,"href":"https:\/\/manualproduccions.com\/ca\/wp-json\/wp\/v2\/comments?post=262"}],"version-history":[{"count":4,"href":"https:\/\/manualproduccions.com\/ca\/wp-json\/wp\/v2\/pages\/262\/revisions"}],"predecessor-version":[{"id":289,"href":"https:\/\/manualproduccions.com\/ca\/wp-json\/wp\/v2\/pages\/262\/revisions\/289"}],"wp:attachment":[{"href":"https:\/\/manualproduccions.com\/ca\/wp-json\/wp\/v2\/media?parent=262"}],"curies":[{"name":"wp","href":"https:\/\/api.w.org\/{rel}","templated":true}]}}