{"id":256,"date":"2024-04-05T13:07:31","date_gmt":"2024-04-05T13:07:31","guid":{"rendered":"http:\/\/manualproduccions.com\/altres-produccions\/"},"modified":"2024-04-19T08:05:48","modified_gmt":"2024-04-19T08:05:48","slug":"altres-produccions","status":"publish","type":"page","link":"https:\/\/manualproduccions.com\/ca\/altres-produccions\/","title":{"rendered":"Altres produccions"},"content":{"rendered":"<section class=\"l-section wpb_row height_auto full_height valign_center width_full with_video\"><div id=\"us_bg_video_y35c\" class=\"l-section-video\"><script id=\"us_bg_video_y35c-script\">!function(w){var node = document.getElementById( 'us_bg_video_y35c' );if ( w.innerWidth <= 1 ) { node.remove() }}(window);<\/script><style>@media(max-width:1px){#us_bg_video_y35c{display:none!important}}<\/style><video  autoplay loop muted playsinline preload=\"auto\"><source type=\"video\/mp4\" src=\"http:\/\/manualproduccions.com\/wp-content\/uploads\/2024\/04\/manual-otras-producciones.mp4\" \/><\/video><\/div><div class=\"l-section-overlay\" style=\"background:rgba(15,14,23,0.60)\"><\/div><div class=\"l-section-h i-cf\"><div class=\"g-cols vc_row via_flex valign_middle type_default stacking_default\"><div class=\"vc_col-sm-12 wpb_column vc_column_container\"><div class=\"vc_column-inner\"><div class=\"wpb_wrapper\"><\/div><\/div><\/div><\/div><\/div><\/section><section class=\"l-section wpb_row height_large full_height valign_center color_alternate\"><div class=\"l-section-h i-cf\"><div class=\"g-cols vc_row via_flex valign_top type_default stacking_default\"><div class=\"vc_col-sm-12 wpb_column vc_column_container\"><div class=\"vc_column-inner\"><div class=\"wpb_wrapper\"><h1 class=\"w-text us_custom_5831644b\"><span class=\"w-text-h\"><span class=\"w-text-value\">Altres produccions<\/span><\/span><\/h1><div class=\"w-separator size_medium\"><\/div><h2 class=\"w-text us_custom_91eefbbd\"><span class=\"w-text-h\"><span class=\"w-text-value\">Anem m\u00e9s enll\u00e0 del que \u00e9s convencional. Audiovisuals especials amb enfocament a mida de cada feina. Analitzem i ens adaptem al teu projecte audiovisual.<\/span><\/span><\/h2><\/div><\/div><\/div><\/div><\/div><\/section>\n","protected":false},"excerpt":{"rendered":"Altres produccionsAnem m\u00e9s enll\u00e0 del que \u00e9s convencional. Audiovisuals especials amb enfocament a mida de cada feina. Analitzem i ens adaptem al teu projecte audiovisual.","protected":false},"author":2,"featured_media":0,"parent":0,"menu_order":4,"comment_status":"closed","ping_status":"closed","template":"","meta":{"footnotes":""},"class_list":["post-256","page","type-page","status-publish","hentry"],"yoast_head":"<!-- This site is optimized with the Yoast SEO plugin v27.4 - https:\/\/yoast.com\/product\/yoast-seo-wordpress\/ -->\n<title>Altres produccions ~ Manual Produccions<\/title>\n<meta name=\"robots\" content=\"index, follow, max-snippet:-1, max-image-preview:large, max-video-preview:-1\" \/>\n<link rel=\"canonical\" href=\"https:\/\/manualproduccions.com\/ca\/altres-produccions\/\" \/>\n<meta property=\"og:locale\" content=\"ca_ES\" \/>\n<meta property=\"og:type\" content=\"article\" \/>\n<meta property=\"og:title\" content=\"Altres produccions ~ Manual Produccions\" \/>\n<meta property=\"og:url\" content=\"https:\/\/manualproduccions.com\/ca\/altres-produccions\/\" \/>\n<meta property=\"og:site_name\" content=\"Manual Produccions\" \/>\n<meta property=\"article:publisher\" content=\"https:\/\/www.facebook.com\/ManualProduccions\/\" \/>\n<meta property=\"article:modified_time\" content=\"2024-04-19T08:05:48+00:00\" \/>\n<meta name=\"twitter:card\" content=\"summary_large_image\" \/>\n<meta name=\"twitter:site\" content=\"@Manual_sccl\" \/>\n<meta name=\"twitter:label1\" content=\"Temps estimat de lectura\" \/>\n\t<meta name=\"twitter:data1\" content=\"2 minuts\" \/>\n<script type=\"application\/ld+json\" class=\"yoast-schema-graph\">{\"@context\":\"https:\\\/\\\/schema.org\",\"@graph\":[{\"@type\":\"WebPage\",\"@id\":\"https:\\\/\\\/manualproduccions.com\\\/ca\\\/altres-produccions\\\/\",\"url\":\"https:\\\/\\\/manualproduccions.com\\\/ca\\\/altres-produccions\\\/\",\"name\":\"Altres produccions ~ Manual Produccions\",\"isPartOf\":{\"@id\":\"https:\\\/\\\/manualproduccions.com\\\/ca\\\/#website\"},\"datePublished\":\"2024-04-05T13:07:31+00:00\",\"dateModified\":\"2024-04-19T08:05:48+00:00\",\"breadcrumb\":{\"@id\":\"https:\\\/\\\/manualproduccions.com\\\/ca\\\/altres-produccions\\\/#breadcrumb\"},\"inLanguage\":\"ca\",\"potentialAction\":[{\"@type\":\"ReadAction\",\"target\":[\"https:\\\/\\\/manualproduccions.com\\\/ca\\\/altres-produccions\\\/\"]}]},{\"@type\":\"BreadcrumbList\",\"@id\":\"https:\\\/\\\/manualproduccions.com\\\/ca\\\/altres-produccions\\\/#breadcrumb\",\"itemListElement\":[{\"@type\":\"ListItem\",\"position\":1,\"name\":\"Portada\",\"item\":\"https:\\\/\\\/manualproduccions.com\\\/ca\\\/\"},{\"@type\":\"ListItem\",\"position\":2,\"name\":\"Altres produccions\"}]},{\"@type\":\"WebSite\",\"@id\":\"https:\\\/\\\/manualproduccions.com\\\/ca\\\/#website\",\"url\":\"https:\\\/\\\/manualproduccions.com\\\/ca\\\/\",\"name\":\"Manual Produccions\",\"description\":\"Producciones Audiovisuales en Barcelona\",\"publisher\":{\"@id\":\"https:\\\/\\\/manualproduccions.com\\\/ca\\\/#organization\"},\"alternateName\":\"Manual SCCL\",\"potentialAction\":[{\"@type\":\"SearchAction\",\"target\":{\"@type\":\"EntryPoint\",\"urlTemplate\":\"https:\\\/\\\/manualproduccions.com\\\/ca\\\/?s={search_term_string}\"},\"query-input\":{\"@type\":\"PropertyValueSpecification\",\"valueRequired\":true,\"valueName\":\"search_term_string\"}}],\"inLanguage\":\"ca\"},{\"@type\":\"Organization\",\"@id\":\"https:\\\/\\\/manualproduccions.com\\\/ca\\\/#organization\",\"name\":\"Manual Produccions\",\"url\":\"https:\\\/\\\/manualproduccions.com\\\/ca\\\/\",\"logo\":{\"@type\":\"ImageObject\",\"inLanguage\":\"ca\",\"@id\":\"https:\\\/\\\/manualproduccions.com\\\/ca\\\/#\\\/schema\\\/logo\\\/image\\\/\",\"url\":\"http:\\\/\\\/manualproduccions.com\\\/wp-content\\\/uploads\\\/2024\\\/04\\\/favicon-manual.png\",\"contentUrl\":\"http:\\\/\\\/manualproduccions.com\\\/wp-content\\\/uploads\\\/2024\\\/04\\\/favicon-manual.png\",\"width\":512,\"height\":512,\"caption\":\"Manual Produccions\"},\"image\":{\"@id\":\"https:\\\/\\\/manualproduccions.com\\\/ca\\\/#\\\/schema\\\/logo\\\/image\\\/\"},\"sameAs\":[\"https:\\\/\\\/www.facebook.com\\\/ManualProduccions\\\/\",\"https:\\\/\\\/x.com\\\/Manual_sccl\",\"https:\\\/\\\/vimeo.com\\\/manualproduccions\"]}]}<\/script>\n<!-- \/ Yoast SEO plugin. -->","yoast_head_json":{"title":"Altres produccions ~ Manual Produccions","robots":{"index":"index","follow":"follow","max-snippet":"max-snippet:-1","max-image-preview":"max-image-preview:large","max-video-preview":"max-video-preview:-1"},"canonical":"https:\/\/manualproduccions.com\/ca\/altres-produccions\/","og_locale":"ca_ES","og_type":"article","og_title":"Altres produccions ~ Manual Produccions","og_url":"https:\/\/manualproduccions.com\/ca\/altres-produccions\/","og_site_name":"Manual Produccions","article_publisher":"https:\/\/www.facebook.com\/ManualProduccions\/","article_modified_time":"2024-04-19T08:05:48+00:00","twitter_card":"summary_large_image","twitter_site":"@Manual_sccl","twitter_misc":{"Temps estimat de lectura":"2 minuts"},"schema":{"@context":"https:\/\/schema.org","@graph":[{"@type":"WebPage","@id":"https:\/\/manualproduccions.com\/ca\/altres-produccions\/","url":"https:\/\/manualproduccions.com\/ca\/altres-produccions\/","name":"Altres produccions ~ Manual Produccions","isPartOf":{"@id":"https:\/\/manualproduccions.com\/ca\/#website"},"datePublished":"2024-04-05T13:07:31+00:00","dateModified":"2024-04-19T08:05:48+00:00","breadcrumb":{"@id":"https:\/\/manualproduccions.com\/ca\/altres-produccions\/#breadcrumb"},"inLanguage":"ca","potentialAction":[{"@type":"ReadAction","target":["https:\/\/manualproduccions.com\/ca\/altres-produccions\/"]}]},{"@type":"BreadcrumbList","@id":"https:\/\/manualproduccions.com\/ca\/altres-produccions\/#breadcrumb","itemListElement":[{"@type":"ListItem","position":1,"name":"Portada","item":"https:\/\/manualproduccions.com\/ca\/"},{"@type":"ListItem","position":2,"name":"Altres produccions"}]},{"@type":"WebSite","@id":"https:\/\/manualproduccions.com\/ca\/#website","url":"https:\/\/manualproduccions.com\/ca\/","name":"Manual Produccions","description":"Producciones Audiovisuales en Barcelona","publisher":{"@id":"https:\/\/manualproduccions.com\/ca\/#organization"},"alternateName":"Manual SCCL","potentialAction":[{"@type":"SearchAction","target":{"@type":"EntryPoint","urlTemplate":"https:\/\/manualproduccions.com\/ca\/?s={search_term_string}"},"query-input":{"@type":"PropertyValueSpecification","valueRequired":true,"valueName":"search_term_string"}}],"inLanguage":"ca"},{"@type":"Organization","@id":"https:\/\/manualproduccions.com\/ca\/#organization","name":"Manual Produccions","url":"https:\/\/manualproduccions.com\/ca\/","logo":{"@type":"ImageObject","inLanguage":"ca","@id":"https:\/\/manualproduccions.com\/ca\/#\/schema\/logo\/image\/","url":"http:\/\/manualproduccions.com\/wp-content\/uploads\/2024\/04\/favicon-manual.png","contentUrl":"http:\/\/manualproduccions.com\/wp-content\/uploads\/2024\/04\/favicon-manual.png","width":512,"height":512,"caption":"Manual Produccions"},"image":{"@id":"https:\/\/manualproduccions.com\/ca\/#\/schema\/logo\/image\/"},"sameAs":["https:\/\/www.facebook.com\/ManualProduccions\/","https:\/\/x.com\/Manual_sccl","https:\/\/vimeo.com\/manualproduccions"]}]}},"_links":{"self":[{"href":"https:\/\/manualproduccions.com\/ca\/wp-json\/wp\/v2\/pages\/256","targetHints":{"allow":["GET"]}}],"collection":[{"href":"https:\/\/manualproduccions.com\/ca\/wp-json\/wp\/v2\/pages"}],"about":[{"href":"https:\/\/manualproduccions.com\/ca\/wp-json\/wp\/v2\/types\/page"}],"author":[{"embeddable":true,"href":"https:\/\/manualproduccions.com\/ca\/wp-json\/wp\/v2\/users\/2"}],"replies":[{"embeddable":true,"href":"https:\/\/manualproduccions.com\/ca\/wp-json\/wp\/v2\/comments?post=256"}],"version-history":[{"count":4,"href":"https:\/\/manualproduccions.com\/ca\/wp-json\/wp\/v2\/pages\/256\/revisions"}],"predecessor-version":[{"id":260,"href":"https:\/\/manualproduccions.com\/ca\/wp-json\/wp\/v2\/pages\/256\/revisions\/260"}],"wp:attachment":[{"href":"https:\/\/manualproduccions.com\/ca\/wp-json\/wp\/v2\/media?parent=256"}],"curies":[{"name":"wp","href":"https:\/\/api.w.org\/{rel}","templated":true}]}}