{"id":241,"date":"2024-01-24T07:41:40","date_gmt":"2024-01-24T07:41:40","guid":{"rendered":"http:\/\/manualproduccions.com\/documentals\/"},"modified":"2024-04-19T08:02:38","modified_gmt":"2024-04-19T08:02:38","slug":"documentals","status":"publish","type":"page","link":"https:\/\/manualproduccions.com\/ca\/documentals\/","title":{"rendered":"Documentals"},"content":{"rendered":"<section class=\"l-section wpb_row height_auto full_height valign_center width_full with_video\"><div id=\"us_bg_video_s209\" class=\"l-section-video\"><script id=\"us_bg_video_s209-script\">!function(w){var node = document.getElementById( 'us_bg_video_s209' );if ( w.innerWidth <= 1 ) { node.remove() }}(window);<\/script><style>@media(max-width:1px){#us_bg_video_s209{display:none!important}}<\/style><video  autoplay loop muted playsinline preload=\"auto\"><source type=\"video\/mp4\" src=\"http:\/\/manualproduccions.com\/wp-content\/uploads\/2024\/04\/manual-documentals.mp4\" \/><\/video><\/div><div class=\"l-section-overlay\" style=\"background:rgba(15,14,23,0.60)\"><\/div><div class=\"l-section-h i-cf\"><div class=\"g-cols vc_row via_flex valign_middle type_default stacking_default\"><div class=\"vc_col-sm-12 wpb_column vc_column_container\"><div class=\"vc_column-inner\"><div class=\"wpb_wrapper\"><\/div><\/div><\/div><\/div><\/div><\/section><section class=\"l-section wpb_row height_large full_height valign_center color_alternate\"><div class=\"l-section-h i-cf\"><div class=\"g-cols vc_row via_flex valign_top type_default stacking_default\"><div class=\"vc_col-sm-12 wpb_column vc_column_container\"><div class=\"vc_column-inner\"><div class=\"wpb_wrapper\"><h1 class=\"w-text us_custom_5831644b\"><span class=\"w-text-h\"><span class=\"w-text-value\">Documentals<\/span><\/span><\/h1><div class=\"w-separator size_medium\"><\/div><h2 class=\"w-text us_custom_91eefbbd\"><span class=\"w-text-h\"><span class=\"w-text-value\">Hist\u00f2ries aut\u00e8ntiques que inspiren, emocionen i connecten. Per a nosaltres, cada documental \u00e9s una experi\u00e8ncia \u00fanica amb una alta for\u00e7a est\u00e8tica i cultural.<\/span><\/span><\/h2><\/div><\/div><\/div><\/div><\/div><\/section>\n","protected":false},"excerpt":{"rendered":"DocumentalsHist\u00f2ries aut\u00e8ntiques que inspiren, emocionen i connecten. Per a nosaltres, cada documental \u00e9s una experi\u00e8ncia \u00fanica amb una alta for\u00e7a est\u00e8tica i cultural.","protected":false},"author":2,"featured_media":0,"parent":0,"menu_order":2,"comment_status":"closed","ping_status":"closed","template":"","meta":{"footnotes":""},"class_list":["post-241","page","type-page","status-publish","hentry"],"yoast_head":"<!-- This site is optimized with the Yoast SEO plugin v27.4 - https:\/\/yoast.com\/product\/yoast-seo-wordpress\/ -->\n<title>Documentals ~ Manual Produccions<\/title>\n<meta name=\"description\" content=\"Documentals amb rigor professional i est\u00e8tic, que transmeten l&#039;ess\u00e8ncia i la for\u00e7a del poder audiovisual.\" \/>\n<meta name=\"robots\" content=\"index, follow, max-snippet:-1, max-image-preview:large, max-video-preview:-1\" \/>\n<link rel=\"canonical\" href=\"https:\/\/manualproduccions.com\/ca\/documentals\/\" \/>\n<meta property=\"og:locale\" content=\"ca_ES\" \/>\n<meta property=\"og:type\" content=\"article\" \/>\n<meta property=\"og:title\" content=\"Documentals ~ Manual Produccions\" \/>\n<meta property=\"og:description\" content=\"Documentals amb rigor professional i est\u00e8tic, que transmeten l&#039;ess\u00e8ncia i la for\u00e7a del poder audiovisual.\" \/>\n<meta property=\"og:url\" content=\"https:\/\/manualproduccions.com\/ca\/documentals\/\" \/>\n<meta property=\"og:site_name\" content=\"Manual Produccions\" \/>\n<meta property=\"article:publisher\" content=\"https:\/\/www.facebook.com\/ManualProduccions\/\" \/>\n<meta property=\"article:modified_time\" content=\"2024-04-19T08:02:38+00:00\" \/>\n<meta name=\"twitter:card\" content=\"summary_large_image\" \/>\n<meta name=\"twitter:site\" content=\"@Manual_sccl\" \/>\n<meta name=\"twitter:label1\" content=\"Temps estimat de lectura\" \/>\n\t<meta name=\"twitter:data1\" content=\"2 minuts\" \/>\n<script type=\"application\/ld+json\" class=\"yoast-schema-graph\">{\"@context\":\"https:\\\/\\\/schema.org\",\"@graph\":[{\"@type\":\"WebPage\",\"@id\":\"https:\\\/\\\/manualproduccions.com\\\/ca\\\/documentals\\\/\",\"url\":\"https:\\\/\\\/manualproduccions.com\\\/ca\\\/documentals\\\/\",\"name\":\"Documentals ~ Manual Produccions\",\"isPartOf\":{\"@id\":\"https:\\\/\\\/manualproduccions.com\\\/ca\\\/#website\"},\"datePublished\":\"2024-01-24T07:41:40+00:00\",\"dateModified\":\"2024-04-19T08:02:38+00:00\",\"description\":\"Documentals amb rigor professional i est\u00e8tic, que transmeten l'ess\u00e8ncia i la for\u00e7a del poder audiovisual.\",\"breadcrumb\":{\"@id\":\"https:\\\/\\\/manualproduccions.com\\\/ca\\\/documentals\\\/#breadcrumb\"},\"inLanguage\":\"ca\",\"potentialAction\":[{\"@type\":\"ReadAction\",\"target\":[\"https:\\\/\\\/manualproduccions.com\\\/ca\\\/documentals\\\/\"]}]},{\"@type\":\"BreadcrumbList\",\"@id\":\"https:\\\/\\\/manualproduccions.com\\\/ca\\\/documentals\\\/#breadcrumb\",\"itemListElement\":[{\"@type\":\"ListItem\",\"position\":1,\"name\":\"Portada\",\"item\":\"https:\\\/\\\/manualproduccions.com\\\/ca\\\/\"},{\"@type\":\"ListItem\",\"position\":2,\"name\":\"Documentals\"}]},{\"@type\":\"WebSite\",\"@id\":\"https:\\\/\\\/manualproduccions.com\\\/ca\\\/#website\",\"url\":\"https:\\\/\\\/manualproduccions.com\\\/ca\\\/\",\"name\":\"Manual Produccions\",\"description\":\"Producciones Audiovisuales en Barcelona\",\"publisher\":{\"@id\":\"https:\\\/\\\/manualproduccions.com\\\/ca\\\/#organization\"},\"alternateName\":\"Manual SCCL\",\"potentialAction\":[{\"@type\":\"SearchAction\",\"target\":{\"@type\":\"EntryPoint\",\"urlTemplate\":\"https:\\\/\\\/manualproduccions.com\\\/ca\\\/?s={search_term_string}\"},\"query-input\":{\"@type\":\"PropertyValueSpecification\",\"valueRequired\":true,\"valueName\":\"search_term_string\"}}],\"inLanguage\":\"ca\"},{\"@type\":\"Organization\",\"@id\":\"https:\\\/\\\/manualproduccions.com\\\/ca\\\/#organization\",\"name\":\"Manual Produccions\",\"url\":\"https:\\\/\\\/manualproduccions.com\\\/ca\\\/\",\"logo\":{\"@type\":\"ImageObject\",\"inLanguage\":\"ca\",\"@id\":\"https:\\\/\\\/manualproduccions.com\\\/ca\\\/#\\\/schema\\\/logo\\\/image\\\/\",\"url\":\"http:\\\/\\\/manualproduccions.com\\\/wp-content\\\/uploads\\\/2024\\\/04\\\/favicon-manual.png\",\"contentUrl\":\"http:\\\/\\\/manualproduccions.com\\\/wp-content\\\/uploads\\\/2024\\\/04\\\/favicon-manual.png\",\"width\":512,\"height\":512,\"caption\":\"Manual Produccions\"},\"image\":{\"@id\":\"https:\\\/\\\/manualproduccions.com\\\/ca\\\/#\\\/schema\\\/logo\\\/image\\\/\"},\"sameAs\":[\"https:\\\/\\\/www.facebook.com\\\/ManualProduccions\\\/\",\"https:\\\/\\\/x.com\\\/Manual_sccl\",\"https:\\\/\\\/vimeo.com\\\/manualproduccions\"]}]}<\/script>\n<!-- \/ Yoast SEO plugin. -->","yoast_head_json":{"title":"Documentals ~ Manual Produccions","description":"Documentals amb rigor professional i est\u00e8tic, que transmeten l'ess\u00e8ncia i la for\u00e7a del poder audiovisual.","robots":{"index":"index","follow":"follow","max-snippet":"max-snippet:-1","max-image-preview":"max-image-preview:large","max-video-preview":"max-video-preview:-1"},"canonical":"https:\/\/manualproduccions.com\/ca\/documentals\/","og_locale":"ca_ES","og_type":"article","og_title":"Documentals ~ Manual Produccions","og_description":"Documentals amb rigor professional i est\u00e8tic, que transmeten l'ess\u00e8ncia i la for\u00e7a del poder audiovisual.","og_url":"https:\/\/manualproduccions.com\/ca\/documentals\/","og_site_name":"Manual Produccions","article_publisher":"https:\/\/www.facebook.com\/ManualProduccions\/","article_modified_time":"2024-04-19T08:02:38+00:00","twitter_card":"summary_large_image","twitter_site":"@Manual_sccl","twitter_misc":{"Temps estimat de lectura":"2 minuts"},"schema":{"@context":"https:\/\/schema.org","@graph":[{"@type":"WebPage","@id":"https:\/\/manualproduccions.com\/ca\/documentals\/","url":"https:\/\/manualproduccions.com\/ca\/documentals\/","name":"Documentals ~ Manual Produccions","isPartOf":{"@id":"https:\/\/manualproduccions.com\/ca\/#website"},"datePublished":"2024-01-24T07:41:40+00:00","dateModified":"2024-04-19T08:02:38+00:00","description":"Documentals amb rigor professional i est\u00e8tic, que transmeten l'ess\u00e8ncia i la for\u00e7a del poder audiovisual.","breadcrumb":{"@id":"https:\/\/manualproduccions.com\/ca\/documentals\/#breadcrumb"},"inLanguage":"ca","potentialAction":[{"@type":"ReadAction","target":["https:\/\/manualproduccions.com\/ca\/documentals\/"]}]},{"@type":"BreadcrumbList","@id":"https:\/\/manualproduccions.com\/ca\/documentals\/#breadcrumb","itemListElement":[{"@type":"ListItem","position":1,"name":"Portada","item":"https:\/\/manualproduccions.com\/ca\/"},{"@type":"ListItem","position":2,"name":"Documentals"}]},{"@type":"WebSite","@id":"https:\/\/manualproduccions.com\/ca\/#website","url":"https:\/\/manualproduccions.com\/ca\/","name":"Manual Produccions","description":"Producciones Audiovisuales en Barcelona","publisher":{"@id":"https:\/\/manualproduccions.com\/ca\/#organization"},"alternateName":"Manual SCCL","potentialAction":[{"@type":"SearchAction","target":{"@type":"EntryPoint","urlTemplate":"https:\/\/manualproduccions.com\/ca\/?s={search_term_string}"},"query-input":{"@type":"PropertyValueSpecification","valueRequired":true,"valueName":"search_term_string"}}],"inLanguage":"ca"},{"@type":"Organization","@id":"https:\/\/manualproduccions.com\/ca\/#organization","name":"Manual Produccions","url":"https:\/\/manualproduccions.com\/ca\/","logo":{"@type":"ImageObject","inLanguage":"ca","@id":"https:\/\/manualproduccions.com\/ca\/#\/schema\/logo\/image\/","url":"http:\/\/manualproduccions.com\/wp-content\/uploads\/2024\/04\/favicon-manual.png","contentUrl":"http:\/\/manualproduccions.com\/wp-content\/uploads\/2024\/04\/favicon-manual.png","width":512,"height":512,"caption":"Manual Produccions"},"image":{"@id":"https:\/\/manualproduccions.com\/ca\/#\/schema\/logo\/image\/"},"sameAs":["https:\/\/www.facebook.com\/ManualProduccions\/","https:\/\/x.com\/Manual_sccl","https:\/\/vimeo.com\/manualproduccions"]}]}},"_links":{"self":[{"href":"https:\/\/manualproduccions.com\/ca\/wp-json\/wp\/v2\/pages\/241","targetHints":{"allow":["GET"]}}],"collection":[{"href":"https:\/\/manualproduccions.com\/ca\/wp-json\/wp\/v2\/pages"}],"about":[{"href":"https:\/\/manualproduccions.com\/ca\/wp-json\/wp\/v2\/types\/page"}],"author":[{"embeddable":true,"href":"https:\/\/manualproduccions.com\/ca\/wp-json\/wp\/v2\/users\/2"}],"replies":[{"embeddable":true,"href":"https:\/\/manualproduccions.com\/ca\/wp-json\/wp\/v2\/comments?post=241"}],"version-history":[{"count":4,"href":"https:\/\/manualproduccions.com\/ca\/wp-json\/wp\/v2\/pages\/241\/revisions"}],"predecessor-version":[{"id":245,"href":"https:\/\/manualproduccions.com\/ca\/wp-json\/wp\/v2\/pages\/241\/revisions\/245"}],"wp:attachment":[{"href":"https:\/\/manualproduccions.com\/ca\/wp-json\/wp\/v2\/media?parent=241"}],"curies":[{"name":"wp","href":"https:\/\/api.w.org\/{rel}","templated":true}]}}