{"id":238,"date":"2024-01-23T12:59:52","date_gmt":"2024-01-23T12:59:52","guid":{"rendered":"http:\/\/manualproduccions.com\/inici\/"},"modified":"2024-04-19T08:05:48","modified_gmt":"2024-04-19T08:05:48","slug":"inici","status":"publish","type":"page","link":"https:\/\/manualproduccions.com\/ca\/","title":{"rendered":"Inici"},"content":{"rendered":"<section class=\"l-section wpb_row height_small full_height valign_bottom width_full with_video\"><div id=\"us_bg_video_j2d5\" class=\"l-section-video\"><script id=\"us_bg_video_j2d5-script\">!function(w){var node = document.getElementById( 'us_bg_video_j2d5' );if ( w.innerWidth <= 1 ) { node.remove() }}(window);<\/script><style>@media(max-width:1px){#us_bg_video_j2d5{display:none!important}}<\/style><video  autoplay loop muted playsinline preload=\"auto\"><source type=\"video\/mp4\" src=\"http:\/\/manualproduccions.com\/wp-content\/uploads\/2024\/04\/video-home.mp4\" \/><\/video><\/div><div class=\"l-section-overlay\" style=\"background:rgba(15,14,23,0.60)\"><\/div><div class=\"l-section-h i-cf\"><div class=\"g-cols vc_row via_flex valign_middle type_default stacking_default\"><div class=\"vc_col-sm-12 wpb_column vc_column_container\"><div class=\"vc_column-inner\"><div class=\"wpb_wrapper\"><div class=\"w-btn-wrapper align_center\"><a class=\"w-btn us-btn-style_3 icon_atleft text_none\" aria-label=\"Button\" href=\"#inici\"><i class=\"fal fa-chevron-down\"><\/i><\/a><\/div><\/div><\/div><\/div><\/div><\/div><\/section><section class=\"l-section wpb_row height_large full_height valign_center color_alternate\" id=\"inici\"><div class=\"l-section-h i-cf\"><div class=\"g-cols vc_row via_flex valign_top type_default stacking_default\"><div class=\"vc_col-sm-12 wpb_column vc_column_container\"><div class=\"vc_column-inner\"><div class=\"wpb_wrapper\"><h1 class=\"w-text us_custom_6d98f8bf\"><span class=\"w-text-h\"><span class=\"w-text-value\">Benvingut a Manual. Benvingut a una companyia audiovisual singular compromesa amb el rigor professional i est\u00e8tic. Documentals, Streamings i esdeveniments que transmeten l&#039;ess\u00e8ncia i la for\u00e7a del poder audiovisual.<\/span><\/span><\/h1><\/div><\/div><\/div><\/div><\/div><\/section><section class=\"l-section wpb_row height_large full_height valign_center with_img\"><div class=\"l-section-img\" role=\"img\" data-img-width=\"1920\" data-img-height=\"1080\" style=\"background-image: url(https:\/\/manualproduccions.com\/wp-content\/uploads\/2024\/04\/Documentales.jpg);background-repeat: no-repeat;\"><\/div><div class=\"l-section-overlay\" style=\"background:rgba(0,0,0,0.50)\"><\/div><div class=\"l-section-h i-cf\"><div class=\"g-cols vc_row via_flex valign_top type_default stacking_default\"><div class=\"vc_col-sm-12 wpb_column vc_column_container\"><div class=\"vc_column-inner\"><div class=\"wpb_wrapper\"><h2 data-us-scroll=\"{&quot;from_initial_position&quot;:&quot;0&quot;,&quot;start_position&quot;:&quot;0%&quot;,&quot;end_position&quot;:&quot;100%&quot;,&quot;delay&quot;:&quot;0.1s&quot;,&quot;translate_y_direction&quot;:&quot;down&quot;,&quot;translate_y_speed&quot;:&quot;0.5x&quot;}\" class=\"w-text us_custom_614e43b2 has_scroll_effects has_translate_y\"><a href=\"http:\/\/manualproduccions.com\/ca\/documentals\/\" class=\"w-text-h\"><span class=\"w-text-value\">Documentals<\/span><\/a><\/h2><\/div><\/div><\/div><\/div><\/div><\/section><section class=\"l-section wpb_row us_custom_9ccc05f2 height_large full_height valign_center color_primary with_img\"><div class=\"l-section-img\" role=\"img\" data-img-width=\"1920\" data-img-height=\"1080\" style=\"background-image: url(https:\/\/manualproduccions.com\/wp-content\/uploads\/2024\/04\/Streaming-y-eventos.jpg);background-repeat: no-repeat;\"><\/div><div class=\"l-section-overlay\" style=\"background:rgba(255,0,0,0.5)\"><\/div><div class=\"l-section-h i-cf\"><div class=\"g-cols vc_row via_flex valign_top type_default stacking_default\"><div class=\"vc_col-sm-12 wpb_column vc_column_container\"><div class=\"vc_column-inner\"><div class=\"wpb_wrapper\"><h2 data-us-scroll=\"{&quot;from_initial_position&quot;:&quot;0&quot;,&quot;start_position&quot;:&quot;0%&quot;,&quot;end_position&quot;:&quot;100%&quot;,&quot;delay&quot;:&quot;0.1s&quot;,&quot;translate_y_direction&quot;:&quot;down&quot;,&quot;translate_y_speed&quot;:&quot;0.5x&quot;}\" class=\"w-text us_custom_614e43b2 has_scroll_effects has_translate_y\"><a href=\"http:\/\/manualproduccions.com\/ca\/streamings-i-esdeveniments\/\" class=\"w-text-h\"><span class=\"w-text-value\">Streaming i esdeveniments<\/span><\/a><\/h2><\/div><\/div><\/div><\/div><\/div><\/section><section class=\"l-section wpb_row height_large full_height valign_center with_img\"><div class=\"l-section-img\" role=\"img\" data-img-width=\"1920\" data-img-height=\"1080\" style=\"background-image: url(https:\/\/manualproduccions.com\/wp-content\/uploads\/2024\/04\/Otros-proyectos.jpg);background-repeat: no-repeat;\"><\/div><div class=\"l-section-overlay\" style=\"background:rgba(0,0,0,0.50)\"><\/div><div class=\"l-section-h i-cf\"><div class=\"g-cols vc_row via_flex valign_top type_default stacking_default\"><div class=\"vc_col-sm-12 wpb_column vc_column_container\"><div class=\"vc_column-inner\"><div class=\"wpb_wrapper\"><h2 data-us-scroll=\"{&quot;from_initial_position&quot;:&quot;0&quot;,&quot;start_position&quot;:&quot;0%&quot;,&quot;end_position&quot;:&quot;100%&quot;,&quot;delay&quot;:&quot;0.1s&quot;,&quot;translate_y_direction&quot;:&quot;down&quot;,&quot;translate_y_speed&quot;:&quot;0.5x&quot;}\" class=\"w-text us_custom_614e43b2 has_scroll_effects has_translate_y\"><a href=\"http:\/\/manualproduccions.com\/ca\/altres-produccions\/\" class=\"w-text-h\"><span class=\"w-text-value\">Altres produccions<\/span><\/a><\/h2><\/div><\/div><\/div><\/div><\/div><\/section>\n","protected":false},"excerpt":{"rendered":"Benvingut a Manual. Benvingut a una companyia audiovisual singular compromesa amb el rigor professional i est\u00e8tic. Documentals, Streamings i esdeveniments que transmeten l&#039;ess\u00e8ncia i la for\u00e7a del poder audiovisual.DocumentalsStreaming i esdevenimentsAltres produccions","protected":false},"author":2,"featured_media":0,"parent":0,"menu_order":1,"comment_status":"closed","ping_status":"closed","template":"","meta":{"footnotes":""},"class_list":["post-238","page","type-page","status-publish","hentry"],"yoast_head":"<!-- This site is optimized with the Yoast SEO plugin v27.4 - https:\/\/yoast.com\/product\/yoast-seo-wordpress\/ -->\n<title>Manual Produccions ~ Producciones Audiovisuales en Barcelona<\/title>\n<meta name=\"description\" content=\"Companyia audiovisual singular compromesa amb rigor professional i est\u00e8tic, que transmet l&#039;ess\u00e8ncia i la for\u00e7a del poder audiovisual.\" \/>\n<meta name=\"robots\" content=\"index, follow, max-snippet:-1, max-image-preview:large, max-video-preview:-1\" \/>\n<link rel=\"canonical\" href=\"https:\/\/manualproduccions.com\/ca\/\" \/>\n<meta property=\"og:locale\" content=\"ca_ES\" \/>\n<meta property=\"og:type\" content=\"article\" \/>\n<meta property=\"og:title\" content=\"Manual Produccions ~ Producciones Audiovisuales en Barcelona\" \/>\n<meta property=\"og:description\" content=\"Companyia audiovisual singular compromesa amb rigor professional i est\u00e8tic, que transmet l&#039;ess\u00e8ncia i la for\u00e7a del poder audiovisual.\" \/>\n<meta property=\"og:url\" content=\"https:\/\/manualproduccions.com\/ca\/\" \/>\n<meta property=\"og:site_name\" content=\"Manual Produccions\" \/>\n<meta property=\"article:publisher\" content=\"https:\/\/www.facebook.com\/ManualProduccions\/\" \/>\n<meta property=\"article:modified_time\" content=\"2024-04-19T08:05:48+00:00\" \/>\n<meta name=\"twitter:card\" content=\"summary_large_image\" \/>\n<meta name=\"twitter:site\" content=\"@Manual_sccl\" \/>\n<meta name=\"twitter:label1\" content=\"Temps estimat de lectura\" \/>\n\t<meta name=\"twitter:data1\" content=\"4 minuts\" \/>\n<script type=\"application\/ld+json\" class=\"yoast-schema-graph\">{\"@context\":\"https:\\\/\\\/schema.org\",\"@graph\":[{\"@type\":\"WebPage\",\"@id\":\"https:\\\/\\\/manualproduccions.com\\\/ca\\\/\",\"url\":\"https:\\\/\\\/manualproduccions.com\\\/ca\\\/\",\"name\":\"Manual Produccions ~ Producciones Audiovisuales en Barcelona\",\"isPartOf\":{\"@id\":\"https:\\\/\\\/manualproduccions.com\\\/ca\\\/#website\"},\"datePublished\":\"2024-01-23T12:59:52+00:00\",\"dateModified\":\"2024-04-19T08:05:48+00:00\",\"description\":\"Companyia audiovisual singular compromesa amb rigor professional i est\u00e8tic, que transmet l'ess\u00e8ncia i la for\u00e7a del poder audiovisual.\",\"breadcrumb\":{\"@id\":\"https:\\\/\\\/manualproduccions.com\\\/ca\\\/#breadcrumb\"},\"inLanguage\":\"ca\",\"potentialAction\":[{\"@type\":\"ReadAction\",\"target\":[\"https:\\\/\\\/manualproduccions.com\\\/ca\\\/\"]}]},{\"@type\":\"BreadcrumbList\",\"@id\":\"https:\\\/\\\/manualproduccions.com\\\/ca\\\/#breadcrumb\",\"itemListElement\":[{\"@type\":\"ListItem\",\"position\":1,\"name\":\"Portada\",\"item\":\"https:\\\/\\\/manualproduccions.com\\\/ca\\\/\"},{\"@type\":\"ListItem\",\"position\":2,\"name\":\"Inici\"}]},{\"@type\":\"WebSite\",\"@id\":\"https:\\\/\\\/manualproduccions.com\\\/ca\\\/#website\",\"url\":\"https:\\\/\\\/manualproduccions.com\\\/ca\\\/\",\"name\":\"Manual Produccions\",\"description\":\"Producciones Audiovisuales en Barcelona\",\"publisher\":{\"@id\":\"https:\\\/\\\/manualproduccions.com\\\/ca\\\/#organization\"},\"alternateName\":\"Manual SCCL\",\"potentialAction\":[{\"@type\":\"SearchAction\",\"target\":{\"@type\":\"EntryPoint\",\"urlTemplate\":\"https:\\\/\\\/manualproduccions.com\\\/ca\\\/?s={search_term_string}\"},\"query-input\":{\"@type\":\"PropertyValueSpecification\",\"valueRequired\":true,\"valueName\":\"search_term_string\"}}],\"inLanguage\":\"ca\"},{\"@type\":\"Organization\",\"@id\":\"https:\\\/\\\/manualproduccions.com\\\/ca\\\/#organization\",\"name\":\"Manual Produccions\",\"url\":\"https:\\\/\\\/manualproduccions.com\\\/ca\\\/\",\"logo\":{\"@type\":\"ImageObject\",\"inLanguage\":\"ca\",\"@id\":\"https:\\\/\\\/manualproduccions.com\\\/ca\\\/#\\\/schema\\\/logo\\\/image\\\/\",\"url\":\"http:\\\/\\\/manualproduccions.com\\\/wp-content\\\/uploads\\\/2024\\\/04\\\/favicon-manual.png\",\"contentUrl\":\"http:\\\/\\\/manualproduccions.com\\\/wp-content\\\/uploads\\\/2024\\\/04\\\/favicon-manual.png\",\"width\":512,\"height\":512,\"caption\":\"Manual Produccions\"},\"image\":{\"@id\":\"https:\\\/\\\/manualproduccions.com\\\/ca\\\/#\\\/schema\\\/logo\\\/image\\\/\"},\"sameAs\":[\"https:\\\/\\\/www.facebook.com\\\/ManualProduccions\\\/\",\"https:\\\/\\\/x.com\\\/Manual_sccl\",\"https:\\\/\\\/vimeo.com\\\/manualproduccions\"]}]}<\/script>\n<!-- \/ Yoast SEO plugin. -->","yoast_head_json":{"title":"Manual Produccions ~ Producciones Audiovisuales en Barcelona","description":"Companyia audiovisual singular compromesa amb rigor professional i est\u00e8tic, que transmet l'ess\u00e8ncia i la for\u00e7a del poder audiovisual.","robots":{"index":"index","follow":"follow","max-snippet":"max-snippet:-1","max-image-preview":"max-image-preview:large","max-video-preview":"max-video-preview:-1"},"canonical":"https:\/\/manualproduccions.com\/ca\/","og_locale":"ca_ES","og_type":"article","og_title":"Manual Produccions ~ Producciones Audiovisuales en Barcelona","og_description":"Companyia audiovisual singular compromesa amb rigor professional i est\u00e8tic, que transmet l'ess\u00e8ncia i la for\u00e7a del poder audiovisual.","og_url":"https:\/\/manualproduccions.com\/ca\/","og_site_name":"Manual Produccions","article_publisher":"https:\/\/www.facebook.com\/ManualProduccions\/","article_modified_time":"2024-04-19T08:05:48+00:00","twitter_card":"summary_large_image","twitter_site":"@Manual_sccl","twitter_misc":{"Temps estimat de lectura":"4 minuts"},"schema":{"@context":"https:\/\/schema.org","@graph":[{"@type":"WebPage","@id":"https:\/\/manualproduccions.com\/ca\/","url":"https:\/\/manualproduccions.com\/ca\/","name":"Manual Produccions ~ Producciones Audiovisuales en Barcelona","isPartOf":{"@id":"https:\/\/manualproduccions.com\/ca\/#website"},"datePublished":"2024-01-23T12:59:52+00:00","dateModified":"2024-04-19T08:05:48+00:00","description":"Companyia audiovisual singular compromesa amb rigor professional i est\u00e8tic, que transmet l'ess\u00e8ncia i la for\u00e7a del poder audiovisual.","breadcrumb":{"@id":"https:\/\/manualproduccions.com\/ca\/#breadcrumb"},"inLanguage":"ca","potentialAction":[{"@type":"ReadAction","target":["https:\/\/manualproduccions.com\/ca\/"]}]},{"@type":"BreadcrumbList","@id":"https:\/\/manualproduccions.com\/ca\/#breadcrumb","itemListElement":[{"@type":"ListItem","position":1,"name":"Portada","item":"https:\/\/manualproduccions.com\/ca\/"},{"@type":"ListItem","position":2,"name":"Inici"}]},{"@type":"WebSite","@id":"https:\/\/manualproduccions.com\/ca\/#website","url":"https:\/\/manualproduccions.com\/ca\/","name":"Manual Produccions","description":"Producciones Audiovisuales en Barcelona","publisher":{"@id":"https:\/\/manualproduccions.com\/ca\/#organization"},"alternateName":"Manual SCCL","potentialAction":[{"@type":"SearchAction","target":{"@type":"EntryPoint","urlTemplate":"https:\/\/manualproduccions.com\/ca\/?s={search_term_string}"},"query-input":{"@type":"PropertyValueSpecification","valueRequired":true,"valueName":"search_term_string"}}],"inLanguage":"ca"},{"@type":"Organization","@id":"https:\/\/manualproduccions.com\/ca\/#organization","name":"Manual Produccions","url":"https:\/\/manualproduccions.com\/ca\/","logo":{"@type":"ImageObject","inLanguage":"ca","@id":"https:\/\/manualproduccions.com\/ca\/#\/schema\/logo\/image\/","url":"http:\/\/manualproduccions.com\/wp-content\/uploads\/2024\/04\/favicon-manual.png","contentUrl":"http:\/\/manualproduccions.com\/wp-content\/uploads\/2024\/04\/favicon-manual.png","width":512,"height":512,"caption":"Manual Produccions"},"image":{"@id":"https:\/\/manualproduccions.com\/ca\/#\/schema\/logo\/image\/"},"sameAs":["https:\/\/www.facebook.com\/ManualProduccions\/","https:\/\/x.com\/Manual_sccl","https:\/\/vimeo.com\/manualproduccions"]}]}},"_links":{"self":[{"href":"https:\/\/manualproduccions.com\/ca\/wp-json\/wp\/v2\/pages\/238","targetHints":{"allow":["GET"]}}],"collection":[{"href":"https:\/\/manualproduccions.com\/ca\/wp-json\/wp\/v2\/pages"}],"about":[{"href":"https:\/\/manualproduccions.com\/ca\/wp-json\/wp\/v2\/types\/page"}],"author":[{"embeddable":true,"href":"https:\/\/manualproduccions.com\/ca\/wp-json\/wp\/v2\/users\/2"}],"replies":[{"embeddable":true,"href":"https:\/\/manualproduccions.com\/ca\/wp-json\/wp\/v2\/comments?post=238"}],"version-history":[{"count":8,"href":"https:\/\/manualproduccions.com\/ca\/wp-json\/wp\/v2\/pages\/238\/revisions"}],"predecessor-version":[{"id":261,"href":"https:\/\/manualproduccions.com\/ca\/wp-json\/wp\/v2\/pages\/238\/revisions\/261"}],"wp:attachment":[{"href":"https:\/\/manualproduccions.com\/ca\/wp-json\/wp\/v2\/media?parent=238"}],"curies":[{"name":"wp","href":"https:\/\/api.w.org\/{rel}","templated":true}]}}